{"id":7,"date":"2023-02-25T12:01:48","date_gmt":"2023-02-25T12:01:48","guid":{"rendered":"https:\/\/livrospelochao.pt\/?page_id=7"},"modified":"2023-02-25T15:13:59","modified_gmt":"2023-02-25T15:13:59","slug":"sobre","status":"publish","type":"page","link":"https:\/\/livrospelochao.pt\/index.php\/sobre\/","title":{"rendered":"Sobre"},"content":{"rendered":"\n<p class=\"has-text-align-center\">Numa casa com crian\u00e7as, dif\u00edcil \u00e9 t\u00ea-la arrumada\u2026 e no que toca aos livros\u2026 bom, \u00e9 s\u00f3 livros pelo ch\u00e3o! Eles gostam de hist\u00f3rias e eu tamb\u00e9m! Esta \u00e9 uma pequena janela para a minha aventura pelo mundo da literatura infanto-juvenil e as minhas experi\u00eancias de leitura.<\/p>\n","protected":false},"excerpt":{"rendered":"<p>Numa casa com crian\u00e7as, dif\u00edcil \u00e9 t\u00ea-la arrumada\u2026 e no que toca aos livros\u2026 bom, \u00e9 s\u00f3 livros pelo ch\u00e3o! Eles gostam de hist\u00f3rias e eu tamb\u00e9m! Esta \u00e9 uma pequena janela para a minha aventura pelo mundo da literatura infanto-juvenil e as minhas experi\u00eancias de leitura.<\/p>\n","protected":false},"author":1,"featured_media":0,"parent":0,"menu_order":0,"comment_status":"closed","ping_status":"closed","template":"","meta":{"footnotes":""},"class_list":["post-7","page","type-page","status-publish","hentry"],"_links":{"self":[{"href":"https:\/\/livrospelochao.pt\/index.php\/wp-json\/wp\/v2\/pages\/7","targetHints":{"allow":["GET"]}}],"collection":[{"href":"https:\/\/livrospelochao.pt\/index.php\/wp-json\/wp\/v2\/pages"}],"about":[{"href":"https:\/\/livrospelochao.pt\/index.php\/wp-json\/wp\/v2\/types\/page"}],"author":[{"embeddable":true,"href":"https:\/\/livrospelochao.pt\/index.php\/wp-json\/wp\/v2\/users\/1"}],"replies":[{"embeddable":true,"href":"https:\/\/livrospelochao.pt\/index.php\/wp-json\/wp\/v2\/comments?post=7"}],"version-history":[{"count":4,"href":"https:\/\/livrospelochao.pt\/index.php\/wp-json\/wp\/v2\/pages\/7\/revisions"}],"predecessor-version":[{"id":42,"href":"https:\/\/livrospelochao.pt\/index.php\/wp-json\/wp\/v2\/pages\/7\/revisions\/42"}],"wp:attachment":[{"href":"https:\/\/livrospelochao.pt\/index.php\/wp-json\/wp\/v2\/media?parent=7"}],"curies":[{"name":"wp","href":"https:\/\/api.w.org\/{rel}","templated":true}]}}